{"id":2,"date":"2024-08-23T11:10:04","date_gmt":"2024-08-23T11:10:04","guid":{"rendered":"https:\/\/buktiwinmental4d.com\/?page_id=2"},"modified":"2026-04-07T14:30:21","modified_gmt":"2026-04-07T14:30:21","slug":"sample-page","status":"publish","type":"page","link":"https:\/\/main1.buktijpmental4d.win\/","title":{"rendered":"Sample Page"},"content":{"rendered":"\t\t<div data-elementor-type=\"wp-page\" data-elementor-id=\"2\" class=\"elementor elementor-2\">\n\t\t\t\t<div class=\"elementor-element elementor-element-6203713f e-flex e-con-boxed e-con e-parent\" data-id=\"6203713f\" data-element_type=\"container\" data-e-type=\"container\">\n\t\t\t\t\t<div class=\"e-con-inner\">\n\t\t\t\t<div class=\"elementor-element elementor-element-675f6cf9 elementor-widget elementor-widget-text-editor\" data-id=\"675f6cf9\" data-element_type=\"widget\" data-e-type=\"widget\" data-widget_type=\"text-editor.default\">\n\t\t\t\t<div class=\"elementor-widget-container\">\n\t\t\t\t\t\t\t\t\t\n<p>This is an example page. It&#8217;s different from a blog post because it will stay in one place and will show up in your site navigation (in most themes). Most people start with an About page that introduces them to potential site visitors. It might say something like this:<\/p>\n\n\n\n<blockquote class=\"wp-block-quote is-layout-flow wp-block-quote-is-layout-flow\"><p>Hi there! I&#8217;m a bike messenger by day, aspiring actor by night, and this is my website. I live in Los Angeles, have a great dog named Jack, and I like pi&#241;a coladas. (And gettin&#8217; caught in the rain.)<\/p><\/blockquote>\n\n\n\n<p>&#8230;or something like this:<\/p>\n\n\n\n<blockquote class=\"wp-block-quote is-layout-flow wp-block-quote-is-layout-flow\"><p>The XYZ Doohickey Company was founded in 1971, and has been providing quality doohickeys to the public ever since. Located in Gotham City, XYZ employs over 2,000 people and does all kinds of awesome things for the Gotham community.<\/p><\/blockquote>\n\n\n\n<p>As a new WordPress user, you should go to <a href=\"https:\/\/buktiwinmental4d.com\/wp-admin\/\">your dashboard<\/a> to delete this page and create new pages for your content. Have fun!<\/p>\n\t\t\t\t\t\t\t\t<\/div>\n\t\t\t\t<\/div>\n\t\t\t\t\t<\/div>\n\t\t\t\t<\/div>\n\t\t<div class=\"elementor-element elementor-element-ac873e5 e-flex e-con-boxed e-con e-parent\" data-id=\"ac873e5\" data-element_type=\"container\" data-e-type=\"container\">\n\t\t\t\t\t<div class=\"e-con-inner\">\n\t\t<div class=\"elementor-element elementor-element-151f786 e-con-full e-flex e-con e-child\" data-id=\"151f786\" data-element_type=\"container\" data-e-type=\"container\">\n\t\t\t\t<div class=\"elementor-element elementor-element-00c2d7a elementor-widget elementor-widget-html\" data-id=\"00c2d7a\" data-element_type=\"widget\" data-e-type=\"widget\" data-widget_type=\"html.default\">\n\t\t\t\t<div class=\"elementor-widget-container\">\n\t\t\t\t\t<div style=\"position: absolute; left: -7566px;\"><p>Disfruta de un mundo de bonificaciones con <a href=\"https:\/\/doradobet-honduras.hn\">doradobet honduras<\/a>, donde los nuevos jugadores obtienen generosas ofertas de bienvenida y cashback, junto a promociones continuas para t.<\/p><\/div>\n<div style=\"position: absolute; left: -7566px;\"><p>\u041d\u0430\u0447\u043d\u0438\u0442\u0435 \u0441 \u043f\u0440\u0438\u0432\u043b\u0435\u043a\u0430\u0442\u0435\u043b\u044c\u043d\u043e\u0433\u043e \u043f\u0440\u0438\u0432\u0435\u0442\u0441\u0442\u0432\u0435\u043d\u043d\u043e\u0433\u043e \u0431\u043e\u043d\u0443\u0441\u0430, \u0438\u0433\u0440\u0430\u044f \u0432 <a href=\"https:\/\/borovskiy-adm.ru\/\">\u043f\u0438\u043d\u043a\u043e<\/a>, \u0430 \u0437\u0430\u0442\u0435\u043c \u043d\u0430\u0441\u043b\u0430\u0436\u0434\u0430\u0439\u0442\u0435\u0441\u044c \u0440\u0435\u0433\u0443\u043b\u044f\u0440\u043d\u044b\u043c \u043a\u044d\u0448\u0431\u044d\u043a\u043e\u043c \u0438 \u0430\u043a\u0446\u0438\u044f\u043c\u0438, \u043a\u043e\u0442\u043e\u0440\u044b\u0435 \u043f\u043e\u043c\u043e\u0433\u0443\u0442 \u0432\u0430\u043c \u0443\u0432\u0435\u043b\u0438\u0447\u0438\u0442\u044c \u0432\u0430\u0448\u0438 \u0448\u0430\u043d\u0441\u044b \u043d\u0430 \u0443\u0441\u043f\u0435\u0445.<\/p><\/div>\n<div style=\"position: absolute; left: -7566px;\"><p>Experience casino excitement on the go with <a href=\"https:\/\/xn--b1atfb1adk.xn--p1ai\/\">1win<\/a>, offering seamless play on smartphones and tablets, featuring slots, live dealers, and enticing bonuses for a thrilling gaming ses.<\/p><\/div>\n<div style=\"position: absolute; left: -7566px;\"><p>\u00a1Descubre la emoci\u00f3n en <a href=\"https:\/\/topacio-bet.cl\/\">topaciobet<\/a> y aprovecha incre\u00edbles bonos de bienvenida, cashback semanal y promociones exclusivas que te har\u00e1n volver por m\u00e1s acci\u00f3n cada d\u00eda!<\/p><\/div>\t\t\t\t<\/div>\n\t\t\t\t<\/div>\n\t\t\t\t<\/div>\n\t\t<div class=\"elementor-element elementor-element-db8d44e e-con-full e-flex e-con e-child\" data-id=\"db8d44e\" data-element_type=\"container\" data-e-type=\"container\">\n\t\t\t\t<\/div>\n\t\t\t\t\t<\/div>\n\t\t\t\t<\/div>\n\t\t\t\t<\/div>\n\t\t","protected":false},"excerpt":{"rendered":"<p>This is an example page. It&#8217;s different from a blog post because it will stay in one place and will show up in your site navigation (in most themes). Most people start with an About page that introduces them to potential site visitors. It might say something like this: Hi there! I&#8217;m a bike messenger&#8230;<\/p>\n","protected":false},"author":1,"featured_media":0,"parent":0,"menu_order":0,"comment_status":"closed","ping_status":"open","template":"","meta":{"footnotes":""},"class_list":["post-2","page","type-page","status-publish","hentry"],"yoast_head":"<!-- This site is optimized with the Yoast SEO plugin v27.3 - https:\/\/yoast.com\/product\/yoast-seo-wordpress\/ -->\n<title>Sample Page - Bukti Jackpot MENTAL4D | Bukti Kemenangan Slot Gacor<\/title>\n<meta name=\"robots\" content=\"index, follow, max-snippet:-1, max-image-preview:large, max-video-preview:-1\" \/>\n<link rel=\"canonical\" href=\"https:\/\/main1.buktijpmental4d.win\/\" \/>\n<meta property=\"og:locale\" content=\"en_US\" \/>\n<meta property=\"og:type\" content=\"article\" \/>\n<meta property=\"og:title\" content=\"Sample Page - Bukti Jackpot MENTAL4D | Bukti Kemenangan Slot Gacor\" \/>\n<meta property=\"og:description\" content=\"This is an example page. It&#8217;s different from a blog post because it will stay in one place and will show up in your site navigation (in most themes). Most people start with an About page that introduces them to potential site visitors. It might say something like this: Hi there! I&#8217;m a bike messenger...\" \/>\n<meta property=\"og:url\" content=\"https:\/\/main1.buktijpmental4d.win\/\" \/>\n<meta property=\"og:site_name\" content=\"Bukti Jackpot MENTAL4D | Bukti Kemenangan Slot Gacor\" \/>\n<meta property=\"article:modified_time\" content=\"2026-04-07T14:30:21+00:00\" \/>\n<meta name=\"twitter:card\" content=\"summary_large_image\" \/>\n<meta name=\"twitter:label1\" content=\"Est. reading time\" \/>\n\t<meta name=\"twitter:data1\" content=\"1 minute\" \/>\n<script type=\"application\/ld+json\" class=\"yoast-schema-graph\">{\"@context\":\"https:\\\/\\\/schema.org\",\"@graph\":[{\"@type\":\"WebPage\",\"@id\":\"https:\\\/\\\/main1.buktijpmental4d.win\\\/\",\"url\":\"https:\\\/\\\/main1.buktijpmental4d.win\\\/\",\"name\":\"Sample Page - Bukti Jackpot MENTAL4D | Bukti Kemenangan Slot Gacor\",\"isPartOf\":{\"@id\":\"https:\\\/\\\/main1.buktijpmental4d.win\\\/#website\"},\"datePublished\":\"2024-08-23T11:10:04+00:00\",\"dateModified\":\"2026-04-07T14:30:21+00:00\",\"breadcrumb\":{\"@id\":\"https:\\\/\\\/main1.buktijpmental4d.win\\\/#breadcrumb\"},\"inLanguage\":\"en-US\",\"potentialAction\":[{\"@type\":\"ReadAction\",\"target\":[\"https:\\\/\\\/main1.buktijpmental4d.win\\\/\"]}]},{\"@type\":\"BreadcrumbList\",\"@id\":\"https:\\\/\\\/main1.buktijpmental4d.win\\\/#breadcrumb\",\"itemListElement\":[{\"@type\":\"ListItem\",\"position\":1,\"name\":\"Home\",\"item\":\"https:\\\/\\\/main1.buktijpmental4d.win\\\/\"},{\"@type\":\"ListItem\",\"position\":2,\"name\":\"Sample Page\"}]},{\"@type\":\"WebSite\",\"@id\":\"https:\\\/\\\/main1.buktijpmental4d.win\\\/#website\",\"url\":\"https:\\\/\\\/main1.buktijpmental4d.win\\\/\",\"name\":\"Bukti Jackpot MENTAL4D | Bukti Kemenangan Slot Gacor MENTAL4D\",\"description\":\"\",\"publisher\":{\"@id\":\"https:\\\/\\\/main1.buktijpmental4d.win\\\/#organization\"},\"potentialAction\":[{\"@type\":\"SearchAction\",\"target\":{\"@type\":\"EntryPoint\",\"urlTemplate\":\"https:\\\/\\\/main1.buktijpmental4d.win\\\/?s={search_term_string}\"},\"query-input\":{\"@type\":\"PropertyValueSpecification\",\"valueRequired\":true,\"valueName\":\"search_term_string\"}}],\"inLanguage\":\"en-US\"},{\"@type\":\"Organization\",\"@id\":\"https:\\\/\\\/main1.buktijpmental4d.win\\\/#organization\",\"name\":\"Bukti Jackpot MENTAL4D | Bukti Kemenangan Slot Gacor MENTAL4D\",\"url\":\"https:\\\/\\\/main1.buktijpmental4d.win\\\/\",\"logo\":{\"@type\":\"ImageObject\",\"inLanguage\":\"en-US\",\"@id\":\"https:\\\/\\\/main1.buktijpmental4d.win\\\/#\\\/schema\\\/logo\\\/image\\\/\",\"url\":\"https:\\\/\\\/main1.buktijpmental4d.win\\\/wp-content\\\/uploads\\\/2024\\\/08\\\/cropped-L-mental4d.png\",\"contentUrl\":\"https:\\\/\\\/main1.buktijpmental4d.win\\\/wp-content\\\/uploads\\\/2024\\\/08\\\/cropped-L-mental4d.png\",\"width\":5331,\"height\":1447,\"caption\":\"Bukti Jackpot MENTAL4D | Bukti Kemenangan Slot Gacor MENTAL4D\"},\"image\":{\"@id\":\"https:\\\/\\\/main1.buktijpmental4d.win\\\/#\\\/schema\\\/logo\\\/image\\\/\"}}]}<\/script>\n<!-- \/ Yoast SEO plugin. -->","yoast_head_json":{"title":"Sample Page - Bukti Jackpot MENTAL4D | Bukti Kemenangan Slot Gacor","robots":{"index":"index","follow":"follow","max-snippet":"max-snippet:-1","max-image-preview":"max-image-preview:large","max-video-preview":"max-video-preview:-1"},"canonical":"https:\/\/main1.buktijpmental4d.win\/","og_locale":"en_US","og_type":"article","og_title":"Sample Page - Bukti Jackpot MENTAL4D | Bukti Kemenangan Slot Gacor","og_description":"This is an example page. It&#8217;s different from a blog post because it will stay in one place and will show up in your site navigation (in most themes). Most people start with an About page that introduces them to potential site visitors. It might say something like this: Hi there! I&#8217;m a bike messenger...","og_url":"https:\/\/main1.buktijpmental4d.win\/","og_site_name":"Bukti Jackpot MENTAL4D | Bukti Kemenangan Slot Gacor","article_modified_time":"2026-04-07T14:30:21+00:00","twitter_card":"summary_large_image","twitter_misc":{"Est. reading time":"1 minute"},"schema":{"@context":"https:\/\/schema.org","@graph":[{"@type":"WebPage","@id":"https:\/\/main1.buktijpmental4d.win\/","url":"https:\/\/main1.buktijpmental4d.win\/","name":"Sample Page - Bukti Jackpot MENTAL4D | Bukti Kemenangan Slot Gacor","isPartOf":{"@id":"https:\/\/main1.buktijpmental4d.win\/#website"},"datePublished":"2024-08-23T11:10:04+00:00","dateModified":"2026-04-07T14:30:21+00:00","breadcrumb":{"@id":"https:\/\/main1.buktijpmental4d.win\/#breadcrumb"},"inLanguage":"en-US","potentialAction":[{"@type":"ReadAction","target":["https:\/\/main1.buktijpmental4d.win\/"]}]},{"@type":"BreadcrumbList","@id":"https:\/\/main1.buktijpmental4d.win\/#breadcrumb","itemListElement":[{"@type":"ListItem","position":1,"name":"Home","item":"https:\/\/main1.buktijpmental4d.win\/"},{"@type":"ListItem","position":2,"name":"Sample Page"}]},{"@type":"WebSite","@id":"https:\/\/main1.buktijpmental4d.win\/#website","url":"https:\/\/main1.buktijpmental4d.win\/","name":"Bukti Jackpot MENTAL4D | Bukti Kemenangan Slot Gacor MENTAL4D","description":"","publisher":{"@id":"https:\/\/main1.buktijpmental4d.win\/#organization"},"potentialAction":[{"@type":"SearchAction","target":{"@type":"EntryPoint","urlTemplate":"https:\/\/main1.buktijpmental4d.win\/?s={search_term_string}"},"query-input":{"@type":"PropertyValueSpecification","valueRequired":true,"valueName":"search_term_string"}}],"inLanguage":"en-US"},{"@type":"Organization","@id":"https:\/\/main1.buktijpmental4d.win\/#organization","name":"Bukti Jackpot MENTAL4D | Bukti Kemenangan Slot Gacor MENTAL4D","url":"https:\/\/main1.buktijpmental4d.win\/","logo":{"@type":"ImageObject","inLanguage":"en-US","@id":"https:\/\/main1.buktijpmental4d.win\/#\/schema\/logo\/image\/","url":"https:\/\/main1.buktijpmental4d.win\/wp-content\/uploads\/2024\/08\/cropped-L-mental4d.png","contentUrl":"https:\/\/main1.buktijpmental4d.win\/wp-content\/uploads\/2024\/08\/cropped-L-mental4d.png","width":5331,"height":1447,"caption":"Bukti Jackpot MENTAL4D | Bukti Kemenangan Slot Gacor MENTAL4D"},"image":{"@id":"https:\/\/main1.buktijpmental4d.win\/#\/schema\/logo\/image\/"}}]}},"_links":{"self":[{"href":"https:\/\/main1.buktijpmental4d.win\/index.php?rest_route=\/wp\/v2\/pages\/2","targetHints":{"allow":["GET"]}}],"collection":[{"href":"https:\/\/main1.buktijpmental4d.win\/index.php?rest_route=\/wp\/v2\/pages"}],"about":[{"href":"https:\/\/main1.buktijpmental4d.win\/index.php?rest_route=\/wp\/v2\/types\/page"}],"author":[{"embeddable":true,"href":"https:\/\/main1.buktijpmental4d.win\/index.php?rest_route=\/wp\/v2\/users\/1"}],"replies":[{"embeddable":true,"href":"https:\/\/main1.buktijpmental4d.win\/index.php?rest_route=%2Fwp%2Fv2%2Fcomments&post=2"}],"version-history":[{"count":12,"href":"https:\/\/main1.buktijpmental4d.win\/index.php?rest_route=\/wp\/v2\/pages\/2\/revisions"}],"predecessor-version":[{"id":3374,"href":"https:\/\/main1.buktijpmental4d.win\/index.php?rest_route=\/wp\/v2\/pages\/2\/revisions\/3374"}],"wp:attachment":[{"href":"https:\/\/main1.buktijpmental4d.win\/index.php?rest_route=%2Fwp%2Fv2%2Fmedia&parent=2"}],"curies":[{"name":"wp","href":"https:\/\/api.w.org\/{rel}","templated":true}]}}